{"id":101,"date":"2019-02-21T13:27:41","date_gmt":"2019-02-21T13:27:41","guid":{"rendered":"http:\/\/kiju-asseln.de\/?page_id=101"},"modified":"2023-02-07T07:41:03","modified_gmt":"2023-02-07T07:41:03","slug":"impressum","status":"publish","type":"page","link":"https:\/\/kiju-asseln.de\/?page_id=101","title":{"rendered":"Impressum"},"content":{"rendered":"<p><span style=\"color: #333399;\"><b><u>Verantwortlich im Sinne des Presserechts<\/u><\/b><\/span><\/p>\n<p><span style=\"color: #333399;\">Daniela Schl\u00fcter<\/span><br \/>\n<span style=\"color: #333399;\">Vorsitzender des Kinder- und Jugendf\u00f6rderungswerks<br \/>\nAsseln\/Husen-Kurl e.V.<\/span><\/p>\n<p><span style=\"color: #333399;\"><b><u>Gesch\u00e4ftsstelle:<\/u><\/b><\/span><\/p>\n<p><span style=\"color: #333399;\">Marie-Juchacz-Haus<\/span><br \/>\n<span style=\"color: #333399;\">Flegelstr. 42<\/span><br \/>\n<span style=\"color: #333399;\">44319 Dortmund<\/span><br \/>\n<span style=\"color: #333399;\">Tel: 0231\/27574<\/span><\/p>\n<p><span style=\"color: #333399;\"><b><u>Rechtlicher Hinweis<\/u><\/b><\/span><\/p>\n<p><span style=\"color: #333399;\">Unsere Internetseiten enthalten auch Verweise (sog. Links) auf Internetseiten Dritter.<\/span><br \/>\n<span style=\"color: #333399;\">Zum Zeitpunkt der Linksetzung wurden die jeweiligen Inhalte sorgf\u00e4ltig gepr\u00fcft und keine rechtswidrigen Inhalte auf den zu verlinkenden Seiten erkannt.<\/span><br \/>\n<span style=\"color: #333399;\">Auf die aktuelle und zuk\u00fcnftige Gestaltung, die Inhalte oder die Urheberschaft der verlinkten Seiten haben wir keinen Einfluss und k\u00f6nnen daher auch keine Verantwortung \u00fcbernehmen.<\/span><\/p>\n","protected":false},"excerpt":{"rendered":"<p>Verantwortlich im Sinne des Presserechts Daniela Schl\u00fcter Vorsitzender des Kinder- und Jugendf\u00f6rderungswerks Asseln\/Husen-Kurl e.V. Gesch\u00e4ftsstelle: Marie-Juchacz-Haus Flegelstr. 42 44319 Dortmund Tel: 0231\/27574 Rechtlicher Hinweis Unsere Internetseiten enthalten auch Verweise (sog. Links) auf Internetseiten Dritter. Zum Zeitpunkt der Linksetzung wurden die jeweiligen Inhalte sorgf\u00e4ltig gepr\u00fcft und keine rechtswidrigen Inhalte auf den zu verlinkenden Seiten erkannt. Auf &hellip; <a href=\"https:\/\/kiju-asseln.de\/?page_id=101\" class=\"more-link\"><span class=\"screen-reader-text\">Impressum<\/span> weiterlesen<\/a><\/p>\n","protected":false},"author":1,"featured_media":0,"parent":0,"menu_order":0,"comment_status":"closed","ping_status":"closed","template":"","meta":{"footnotes":""},"class_list":["post-101","page","type-page","status-publish","hentry"],"_links":{"self":[{"href":"https:\/\/kiju-asseln.de\/index.php?rest_route=\/wp\/v2\/pages\/101","targetHints":{"allow":["GET"]}}],"collection":[{"href":"https:\/\/kiju-asseln.de\/index.php?rest_route=\/wp\/v2\/pages"}],"about":[{"href":"https:\/\/kiju-asseln.de\/index.php?rest_route=\/wp\/v2\/types\/page"}],"author":[{"embeddable":true,"href":"https:\/\/kiju-asseln.de\/index.php?rest_route=\/wp\/v2\/users\/1"}],"replies":[{"embeddable":true,"href":"https:\/\/kiju-asseln.de\/index.php?rest_route=%2Fwp%2Fv2%2Fcomments&post=101"}],"version-history":[{"count":6,"href":"https:\/\/kiju-asseln.de\/index.php?rest_route=\/wp\/v2\/pages\/101\/revisions"}],"predecessor-version":[{"id":421,"href":"https:\/\/kiju-asseln.de\/index.php?rest_route=\/wp\/v2\/pages\/101\/revisions\/421"}],"wp:attachment":[{"href":"https:\/\/kiju-asseln.de\/index.php?rest_route=%2Fwp%2Fv2%2Fmedia&parent=101"}],"curies":[{"name":"wp","href":"https:\/\/api.w.org\/{rel}","templated":true}]}}