{"id":78,"date":"2019-02-21T13:02:29","date_gmt":"2019-02-21T13:02:29","guid":{"rendered":"http:\/\/kiju-asseln.de\/?page_id=78"},"modified":"2022-10-02T08:57:16","modified_gmt":"2022-10-02T08:57:16","slug":"geschichte-des-kiju","status":"publish","type":"page","link":"https:\/\/kiju-asseln.de\/?page_id=78","title":{"rendered":"Geschichte des KiJu"},"content":{"rendered":"\n<figure class=\"wp-block-image size-full is-resized is-style-default\"><img loading=\"lazy\" decoding=\"async\" src=\"https:\/\/kiju-asseln.de\/wp-content\/uploads\/2022\/09\/Kinderkreis.jpg\" alt=\"\" class=\"wp-image-320\" width=\"689\" height=\"459\" srcset=\"https:\/\/kiju-asseln.de\/wp-content\/uploads\/2022\/09\/Kinderkreis.jpg 360w, https:\/\/kiju-asseln.de\/wp-content\/uploads\/2022\/09\/Kinderkreis-300x200.jpg 300w\" sizes=\"auto, (max-width: 689px) 100vw, 689px\" \/><\/figure>\n\n\n\n<p>Das <strong>Kinder- und Jugendf\u00f6rderungswerk Asseln\/Husen-Kurl e. V.<\/strong> ist anerkannter Tr\u00e4ger der Jugendhilfe. Es wurde am <strong>04.03.1992<\/strong> auf Initiative des \u00f6rtlichen AWO-Vorsitzenden Norbert Roggenbach und weiterer AWO-Mitstreiter\/innen gegr\u00fcndet mit dem Ziel, Betreuung von Kindern verschiedener Altersstufen und damit Unterst\u00fctzung\/Entlastung insbesondere berufst\u00e4tiger Eltern anzubieten. Es sollte das Angebot der AWO-Asseln im Bereich Kinder-Jugend-Familie erweitern und die seit dem 01.09.1991 von der AWO-Asseln an der Hellweg-Grundschule eingerichtete <strong>Schulkinderstube<\/strong> als neuer Tr\u00e4ger \u00fcbernehmen.<\/p>\n\n\n\n<p>Dem AWO-Ortsverein Asseln war es aus verbandsrechtlichen Gr\u00fcnden nicht gestattet, selbst hauptamtliche Mitarbeiter f\u00fcr diese Einrichtung einzustellen. Das KiJu, als kooperativer Partner der AWO-Asseln, \u00fcbernahm daher am 01.09.1992 diese Aufgabe. Hier wurden bis zu 86 angemeldete Kinder der Hellweg-Grundschule montags &#8211; freitags in der Zeit von 07.30 &#8211; 16.00 Uhr betreut, auch in den Ferien! Mit Ablauf des Schuljahres 2004\/2005 wurde die neu ausgeschriebene Tr\u00e4gerschaft f\u00fcr die Ganztagsbetreuung an der Hellweg-Grundschule, seit 2001 offene Ganztagsschule, an die Caritas abgegeben.<\/p>\n\n\n\n<p>Nach und nach erweiterte das KiJu seine Angebote. Am 01.04.1994 \u00fcbernahm das KiJu den bislang st\u00e4dtischen <strong>Kindertreff<\/strong> <strong>Asseln<\/strong> neben der Hellweg-Grundschule und erweiterte hier, mit Hilfe von hauptamtlichen Erzieherinnen, das t\u00e4gliche Betreuungsangebot. Bis zu 50 Kinder der Altersgruppe von 6 &#8211; 12 Jahren besuchten diese offene Einrichtung. Zwischenzeitlich war der Kindertreff nur mit Hilfe von Honorarkr\u00e4ften an 2 Tage\/Woche ge\u00f6ffnet. Mit Beginn des Schuljahres 2004\/2005 konnte er durch eine Kooperation mit dem \u00f6rtlichen Jugendamt wieder an 5 Tagen in der Woche ge\u00f6ffnet werden. Dadurch gab es die in Dortmund damals einmalige Situation einer durchgehenden Schulbetreuung aus einer Tr\u00e4gerschaft von 7:30 bis 18:00 Uhr. Dies ist heute durch den Tr\u00e4gerwechsel an der Hellweg- Grundschule und die brandschutzbedingte Schlie\u00dfung des Kindertreffs leider nicht mehr gegeben.<\/p>\n\n\n\n<p>Im Geb\u00e4ude der Husener Falken im Bauerholz richtete das KiJu im Mai 2004 den offenen <strong>Kindertreff<\/strong> <strong>Husen<\/strong> ein. Dieser Kindertreff hatte 2x w\u00f6chentlich ge\u00f6ffnet. Sp\u00e4ter zog der Husener Kindertreff in die Husener AWO-Begegnungsst\u00e4tte im K\u00fchlkamp 2-4. Leider konnte der Kindertreff Husen wegen fehlender Finanzmittel seit 2014 nicht mehr fortgef\u00fchrt werden.<\/p>\n\n\n\n<p>1994 er\u00f6ffnete das KiJu in Kooperation mit der AWO im ehemaligen AWO-Pavillon auf dem Grundst\u00fcck der Hellweg-Grundschule eine <strong>Vorkindergartengruppe<\/strong> (heute U-3-Betreuung)<strong>. <\/strong>Immer <strong>v<\/strong>ormittags \u00fcbernahm eine Kinderpflegerin zusammen mit einer ehrenamtlich t\u00e4tigen p\u00e4dagogischen Fachkraft die Betreuung bis zu 20 Kinder im Alter von 2 bis ca. 4 Jahren.<\/p>\n\n\n\n<p>Am 01.11.1995 folgte der <strong>Jugendtreffs &#8216;Smash&#8217;<\/strong> als Nutzer des ehem. AWO-Pavillons. Fortan bot das KiJu den Teens und Jugendlichen im Alter von 13 Jahren bis zum jungen Erwachsenen ein Betreuungsangebot mit Hilfe zweier Sozialarbeiter. Bis Dezember 2001 war das Smash montags &#8211; freitags von 14.30 &#8211; 20.30 Uhr ge\u00f6ffnet. Parallel zum Jugendtreff wurde auch die Aufgabe eines \u201e<strong>Erziehungsp\u00e4dagogischen Sozialberaters\u201c<\/strong> (heute Schulsozialarbeit) eingerichtet. Dieser \u00fcber eine Besch\u00e4ftigungsf\u00f6rderungsma\u00dfnahme eingestellte Sozialarbeiter k\u00fcmmerte sich um verhaltensauff\u00e4llige Kinder und Jugendliche im Umfeld von Schulkinderstube, Kindertreff und Jugendtreff.<\/p>\n\n\n\n<p>Durch K\u00fcrzungen im Bereich der ABM Ma\u00dfnahmen musste die Erziehungsp\u00e4dagogische Sozialberatung wieder eingestellt werden. Die am 06.12.2001 ausgelaufene letzte Arbeitsbeschaffungsma\u00dfnahme (ABM) im Smash wurde zwar nicht verl\u00e4ngert, konnte aber durch eine finanzielle Unterst\u00fctzung der Bezirksvertretung Brackel bis November 2002 fortgef\u00fchrt werden. Er hatte danach immerhin noch an 3 Tagen\/Woche von 17.00 &#8211; 21.30 Uhr ge\u00f6ffnet. Seit November 2002 ist das Smash bedauerlicherweise geschlossen, denn leider fanden sich anschlie\u00dfend keine M\u00f6glichkeiten zur weiteren finanziellen F\u00f6rderung des Smash. Dies war&nbsp;ein schwerwiegender R\u00fcckschritt zur Sicherung kontinuierlicher Jugendarbeit in Asseln.<\/p>\n\n\n\n<p>Von Ende August 2005 bis Mitte 2017 unterhielt das KiJu in Kooperation mit der Schule eine <strong>Nachmittagsbetreuung an der Max-Born-Realschule. <\/strong>Sch\u00fcler der Sekundarstufe I konnten montags &#8211; donnerstags in der Zeit von 13:30 \u2013 17:00 Uhr ihre Freizeit sinnvoll gestalten. Neben der Hausaufgabenbetreuung und Entspannungs\u00fcbungen unter Anleitung eines Lehrers, wurde den Jungen und M\u00e4dchen ein umfangreiches Programm mit den Schwerpunkten \u201egesunde Ern\u00e4hrung und Sport\u201c geboten.<\/p>\n\n\n\n<p><strong>Neustart im April 2018. <\/strong>Unter Leitung des neuen Vorsitzenden Peter Berberich wurden zahlreiche Angebote f\u00fcr Kinder und Jugendliche organisiert. So beteiligte sich das KiJu z.B. schon in der Aktionswoche 2018 als Ausrichter eines Kinder- und Familienfestes.<br>Gleichzeitig \u00fcbernahm das KiJu auch wieder Arbeitgeberaufgaben.<br>Im Rahmen einer Besch\u00e4ftigungsf\u00f6rderungsma\u00dfnahme wurde ein Mitarbeiter eingestellt, der organisatorische, technische und pflegerische Aufgaben (z.B. im Rahmen der seit Mitte der 90er Jahre bestehenden <strong>Patenschaft am Spielplatz Flegelstra\u00dfe<\/strong>) f\u00fcr das KiJu erledigte.<\/p>\n\n\n\n<p>Nach dreij\u00e4hriger Wiederaufbauarbeit galt es, den Vorstand zu stabilisieren. In der JHV am 27.10.21 wurde zun\u00e4chst Marco Siveras zum neuen Vorsitzenden gew\u00e4hlt. Berufliche Ver\u00e4nderungen machten es jedoch erforderlich, schon im Mai 2022 Daniela Schl\u00fcter zur neuen Vorsitzenden zu bestimmen. Dank ihrer vielen Ideen und gro\u00dfen Einsatzes erlebt das KiJu seitdem einen echten Schub.<\/p>\n","protected":false},"excerpt":{"rendered":"<p>Das Kinder- und Jugendf\u00f6rderungswerk Asseln\/Husen-Kurl e. V. ist anerkannter Tr\u00e4ger der Jugendhilfe. Es wurde am 04.03.1992 auf Initiative des \u00f6rtlichen AWO-Vorsitzenden Norbert Roggenbach und weiterer AWO-Mitstreiter\/innen gegr\u00fcndet mit dem Ziel, Betreuung von Kindern verschiedener Altersstufen und damit Unterst\u00fctzung\/Entlastung insbesondere berufst\u00e4tiger Eltern anzubieten. Es sollte das Angebot der AWO-Asseln im Bereich Kinder-Jugend-Familie erweitern und die seit &hellip; <a href=\"https:\/\/kiju-asseln.de\/?page_id=78\" class=\"more-link\"><span class=\"screen-reader-text\">Geschichte des KiJu<\/span> weiterlesen<\/a><\/p>\n","protected":false},"author":1,"featured_media":0,"parent":0,"menu_order":0,"comment_status":"closed","ping_status":"closed","template":"","meta":{"footnotes":""},"class_list":["post-78","page","type-page","status-publish","hentry"],"_links":{"self":[{"href":"https:\/\/kiju-asseln.de\/index.php?rest_route=\/wp\/v2\/pages\/78","targetHints":{"allow":["GET"]}}],"collection":[{"href":"https:\/\/kiju-asseln.de\/index.php?rest_route=\/wp\/v2\/pages"}],"about":[{"href":"https:\/\/kiju-asseln.de\/index.php?rest_route=\/wp\/v2\/types\/page"}],"author":[{"embeddable":true,"href":"https:\/\/kiju-asseln.de\/index.php?rest_route=\/wp\/v2\/users\/1"}],"replies":[{"embeddable":true,"href":"https:\/\/kiju-asseln.de\/index.php?rest_route=%2Fwp%2Fv2%2Fcomments&post=78"}],"version-history":[{"count":5,"href":"https:\/\/kiju-asseln.de\/index.php?rest_route=\/wp\/v2\/pages\/78\/revisions"}],"predecessor-version":[{"id":337,"href":"https:\/\/kiju-asseln.de\/index.php?rest_route=\/wp\/v2\/pages\/78\/revisions\/337"}],"wp:attachment":[{"href":"https:\/\/kiju-asseln.de\/index.php?rest_route=%2Fwp%2Fv2%2Fmedia&parent=78"}],"curies":[{"name":"wp","href":"https:\/\/api.w.org\/{rel}","templated":true}]}}