{"id":82,"date":"2019-02-21T13:08:16","date_gmt":"2019-02-21T13:08:16","guid":{"rendered":"http:\/\/kiju-asseln.de\/?page_id=82"},"modified":"2022-03-19T17:04:20","modified_gmt":"2022-03-19T17:04:20","slug":"mitglied-werden-im-kinder-und-jugendfoerderungswerk-asseln-husen-kurl-e-v","status":"publish","type":"page","link":"https:\/\/kiju-asseln.de\/?page_id=82","title":{"rendered":"Mitglied werden im KiJu"},"content":{"rendered":"<p><span style=\"color: #333399;\">Da das KiJu sich zu einem gro\u00dfen Teil \u00fcber Mitgliedsbeitr\u00e4ge finanziert, freuen wir uns nat\u00fcrlich immer \u00fcber neue Mitglieder.<\/span><\/p>\n<p><span style=\"color: #333399;\">Daher w\u00e4re sch\u00f6n, wenn Sie sich eine <a style=\"color: #333399;\" href=\"https:\/\/kiju-asseln.de\/wp-content\/uploads\/2022\/03\/Beitrittserklaerung.pdf\" target=\"_blank\" rel=\"noopener\"><b>Beitrittserkl\u00e4rung<\/b><\/a>\u00a0 und das <a href=\"https:\/\/kiju-asseln.de\/wp-content\/uploads\/2019\/04\/Sepa-KiJu-1-Vordruck.pdf\"><span style=\"color: #333399;\"><strong>SEPA-Lastschriftmandat<\/strong><\/span><\/a> als PDF-Dokument herunterladen und unsere Arbeit mit Ihrer Mitgliedschaft unterst\u00fctzen. Unser Ziel ist die Erweiterung und Verbesserung der Kinder- und Jugendarbeit besonders im Dortmunder Osten. <br \/><\/span><span style=\"color: #333399;\">Hier geht es zur <strong><a style=\"color: #333399;\" href=\"https:\/\/kiju-asseln.de\/wp-content\/uploads\/2022\/01\/Satzung-seit-2019-Home.pdf\">Satzung<\/a><\/strong>.<br \/><\/span><\/p>\n\n\n<p><\/p>\n","protected":false},"excerpt":{"rendered":"<p>Da das KiJu sich zu einem gro\u00dfen Teil \u00fcber Mitgliedsbeitr\u00e4ge finanziert, freuen wir uns nat\u00fcrlich immer \u00fcber neue Mitglieder. Daher w\u00e4re sch\u00f6n, wenn Sie sich eine Beitrittserkl\u00e4rung\u00a0 und das SEPA-Lastschriftmandat als PDF-Dokument herunterladen und unsere Arbeit mit Ihrer Mitgliedschaft unterst\u00fctzen. Unser Ziel ist die Erweiterung und Verbesserung der Kinder- und Jugendarbeit besonders im Dortmunder Osten. &hellip; <a href=\"https:\/\/kiju-asseln.de\/?page_id=82\" class=\"more-link\"><span class=\"screen-reader-text\">Mitglied werden im KiJu<\/span> weiterlesen<\/a><\/p>\n","protected":false},"author":1,"featured_media":0,"parent":0,"menu_order":0,"comment_status":"closed","ping_status":"closed","template":"","meta":{"footnotes":""},"class_list":["post-82","page","type-page","status-publish","hentry"],"_links":{"self":[{"href":"https:\/\/kiju-asseln.de\/index.php?rest_route=\/wp\/v2\/pages\/82","targetHints":{"allow":["GET"]}}],"collection":[{"href":"https:\/\/kiju-asseln.de\/index.php?rest_route=\/wp\/v2\/pages"}],"about":[{"href":"https:\/\/kiju-asseln.de\/index.php?rest_route=\/wp\/v2\/types\/page"}],"author":[{"embeddable":true,"href":"https:\/\/kiju-asseln.de\/index.php?rest_route=\/wp\/v2\/users\/1"}],"replies":[{"embeddable":true,"href":"https:\/\/kiju-asseln.de\/index.php?rest_route=%2Fwp%2Fv2%2Fcomments&post=82"}],"version-history":[{"count":12,"href":"https:\/\/kiju-asseln.de\/index.php?rest_route=\/wp\/v2\/pages\/82\/revisions"}],"predecessor-version":[{"id":252,"href":"https:\/\/kiju-asseln.de\/index.php?rest_route=\/wp\/v2\/pages\/82\/revisions\/252"}],"wp:attachment":[{"href":"https:\/\/kiju-asseln.de\/index.php?rest_route=%2Fwp%2Fv2%2Fmedia&parent=82"}],"curies":[{"name":"wp","href":"https:\/\/api.w.org\/{rel}","templated":true}]}}